{"id":207,"date":"2023-01-30T20:46:10","date_gmt":"2023-01-30T20:46:10","guid":{"rendered":"http:\/\/seasonspv.com\/?page_id=207"},"modified":"2023-02-06T20:31:38","modified_gmt":"2023-02-06T20:31:38","slug":"contact","status":"publish","type":"page","link":"https:\/\/seasonspv.com\/es\/contact\/","title":{"rendered":"Contacto"},"content":{"rendered":"<div data-elementor-type=\"wp-page\" data-elementor-id=\"207\" class=\"elementor elementor-207\" data-elementor-post-type=\"page\">\n\t\t\t\t\t\t<section class=\"elementor-section elementor-top-section elementor-element elementor-element-516d37f2 elementor-section-height-min-height elementor-section-boxed elementor-section-height-default elementor-section-items-middle\" data-id=\"516d37f2\" data-element_type=\"section\" data-settings=\"{&quot;background_background&quot;:&quot;classic&quot;}\">\n\t\t\t\t\t\t<div class=\"elementor-container elementor-column-gap-default\">\n\t\t\t\t\t<div class=\"elementor-column elementor-col-100 elementor-top-column elementor-element elementor-element-4ce10b4 elementor-invisible\" data-id=\"4ce10b4\" data-element_type=\"column\" data-settings=\"{&quot;motion_fx_motion_fx_scrolling&quot;:&quot;yes&quot;,&quot;motion_fx_translateY_effect&quot;:&quot;yes&quot;,&quot;motion_fx_translateY_speed&quot;:{&quot;unit&quot;:&quot;px&quot;,&quot;size&quot;:1,&quot;sizes&quot;:[]},&quot;animation&quot;:&quot;fadeInDown&quot;,&quot;motion_fx_translateY_affectedRange&quot;:{&quot;unit&quot;:&quot;%&quot;,&quot;size&quot;:&quot;&quot;,&quot;sizes&quot;:{&quot;start&quot;:0,&quot;end&quot;:100}},&quot;motion_fx_devices&quot;:[&quot;desktop&quot;,&quot;tablet&quot;,&quot;mobile&quot;]}\">\n\t\t\t<div class=\"elementor-widget-wrap elementor-element-populated\">\n\t\t\t\t\t\t<div class=\"elementor-element elementor-element-675fa2b elementor-widget elementor-widget-heading\" data-id=\"675fa2b\" data-element_type=\"widget\" data-widget_type=\"heading.default\">\n\t\t\t\t<div class=\"elementor-widget-container\">\n\t\t\t\t\t<h3 class=\"elementor-heading-title elementor-size-default\">Lets Meeting Us &amp;\n<\/h3>\t\t\t\t<\/div>\n\t\t\t\t<\/div>\n\t\t\t\t<div class=\"elementor-element elementor-element-3bf1482 elementor-widget elementor-widget-heading\" data-id=\"3bf1482\" data-element_type=\"widget\" data-widget_type=\"heading.default\">\n\t\t\t\t<div class=\"elementor-widget-container\">\n\t\t\t\t\t<h1 class=\"elementor-heading-title elementor-size-default\">Contacto<\/h1>\t\t\t\t<\/div>\n\t\t\t\t<\/div>\n\t\t\t\t\t<\/div>\n\t\t<\/div>\n\t\t\t\t\t<\/div>\n\t\t<\/section>\n\t\t\t\t<section class=\"elementor-section elementor-top-section elementor-element elementor-element-fe7d0da elementor-section-boxed elementor-section-height-default elementor-section-height-default\" data-id=\"fe7d0da\" data-element_type=\"section\">\n\t\t\t\t\t\t<div class=\"elementor-container elementor-column-gap-default\">\n\t\t\t\t\t<div class=\"elementor-column elementor-col-100 elementor-top-column elementor-element elementor-element-706538c\" data-id=\"706538c\" data-element_type=\"column\">\n\t\t\t<div class=\"elementor-widget-wrap elementor-element-populated\">\n\t\t\t\t\t\t<div class=\"elementor-element elementor-element-316bcb7 elementor-widget elementor-widget-html\" data-id=\"316bcb7\" data-element_type=\"widget\" data-settings=\"{&quot;motion_fx_motion_fx_scrolling&quot;:&quot;yes&quot;,&quot;motion_fx_translateY_effect&quot;:&quot;yes&quot;,&quot;motion_fx_translateY_speed&quot;:{&quot;unit&quot;:&quot;px&quot;,&quot;size&quot;:1,&quot;sizes&quot;:[]},&quot;motion_fx_translateY_affectedRange&quot;:{&quot;unit&quot;:&quot;%&quot;,&quot;size&quot;:&quot;&quot;,&quot;sizes&quot;:{&quot;start&quot;:0,&quot;end&quot;:100}},&quot;motion_fx_devices&quot;:[&quot;desktop&quot;,&quot;tablet&quot;,&quot;mobile&quot;]}\" data-widget_type=\"html.default\">\n\t\t\t\t<div class=\"elementor-widget-container\">\n\t\t\t\t\t<div class=\"scrolldown-wrapper\">\n\t<div class=\"scrolldown\">\n\t\t<svg height=\"30\" width=\"10\">\n\t\t\t<circle class=\"scrolldown-p1\" cx=\"5\" cy=\"15\" r=\"2\" \/>\n\t\t\t<circle class=\"scrolldown-p2\" cx=\"5\" cy=\"15\" r=\"2\" \/>\n\t\t<\/svg>\n\t<\/div>\n<\/div>\t\t\t\t<\/div>\n\t\t\t\t<\/div>\n\t\t\t\t\t<\/div>\n\t\t<\/div>\n\t\t\t\t\t<\/div>\n\t\t<\/section>\n\t\t\t\t<section class=\"elementor-section elementor-top-section elementor-element elementor-element-753bcaba elementor-section-boxed elementor-section-height-default elementor-section-height-default\" data-id=\"753bcaba\" data-element_type=\"section\">\n\t\t\t\t\t\t<div class=\"elementor-container elementor-column-gap-default\">\n\t\t\t\t\t<div class=\"elementor-column elementor-col-50 elementor-top-column elementor-element elementor-element-450e21ba\" data-id=\"450e21ba\" data-element_type=\"column\">\n\t\t\t<div class=\"elementor-widget-wrap elementor-element-populated\">\n\t\t\t\t\t\t<div class=\"elementor-element elementor-element-7851d33e elementor-widget elementor-widget-heading\" data-id=\"7851d33e\" data-element_type=\"widget\" data-widget_type=\"heading.default\">\n\t\t\t\t<div class=\"elementor-widget-container\">\n\t\t\t\t\t<h3 class=\"elementor-heading-title elementor-size-default\">Ponte en contacto con nosotros<\/h3>\t\t\t\t<\/div>\n\t\t\t\t<\/div>\n\t\t\t\t<div class=\"elementor-element elementor-element-ac7db59 elementor-widget elementor-widget-heading\" data-id=\"ac7db59\" data-element_type=\"widget\" data-widget_type=\"heading.default\">\n\t\t\t\t<div class=\"elementor-widget-container\">\n\t\t\t\t\t<h2 class=\"elementor-heading-title elementor-size-default\">MANTENERSE EN CONTACTO<\/h2>\t\t\t\t<\/div>\n\t\t\t\t<\/div>\n\t\t\t\t<div class=\"elementor-element elementor-element-dd52f32 elementor-widget elementor-widget-text-editor\" data-id=\"dd52f32\" data-element_type=\"widget\" data-widget_type=\"text-editor.default\">\n\t\t\t\t<div class=\"elementor-widget-container\">\n\t\t\t\t\t\t\t\t\t<p>Nuestra l\u00ednea de ayuda siempre est\u00e1 abierta para recibir cualquier consulta o comentario. No dude en enviarnos un correo electr\u00f3nico desde el siguiente formulario y nos pondremos en contacto con usted tan pronto como podamos. Gracias por entender.<\/p>\t\t\t\t\t\t\t\t<\/div>\n\t\t\t\t<\/div>\n\t\t\t\t<div class=\"elementor-element elementor-element-58c7fe42 elementor-button-align-end elementor-mobile-button-align-center elementor-widget elementor-widget-form\" data-id=\"58c7fe42\" data-element_type=\"widget\" data-settings=\"{&quot;step_next_label&quot;:&quot;Next&quot;,&quot;step_previous_label&quot;:&quot;Previous&quot;,&quot;step_type&quot;:&quot;number_text&quot;,&quot;step_icon_shape&quot;:&quot;circle&quot;}\" data-widget_type=\"form.default\">\n\t\t\t\t<div class=\"elementor-widget-container\">\n\t\t\t\t\t\t\t<form class=\"elementor-form\" method=\"post\" name=\"New Form\" action=\"\">\n\t\t\t<input type=\"hidden\" name=\"post_id\" value=\"207\"\/>\n\t\t\t<input type=\"hidden\" name=\"form_id\" value=\"58c7fe42\"\/>\n\t\t\t<input type=\"hidden\" name=\"referer_title\" value=\"\" \/>\n\n\t\t\t\n\t\t\t<div class=\"elementor-form-fields-wrapper elementor-labels-\">\n\t\t\t\t\t\t\t\t<div class=\"elementor-field-type-text elementor-field-group elementor-column elementor-field-group-name elementor-col-50\">\n\t\t\t\t\t\t\t\t\t\t\t\t<label for=\"form-field-name\" class=\"elementor-field-label elementor-screen-only\">\n\t\t\t\t\t\t\t\tNombre\t\t\t\t\t\t\t<\/label>\n\t\t\t\t\t\t\t\t\t\t\t\t\t\t<input size=\"1\" type=\"text\" name=\"form_fields[name]\" id=\"form-field-name\" class=\"elementor-field elementor-size-sm  elementor-field-textual\" placeholder=\"Nombre\">\n\t\t\t\t\t\t\t\t\t\t\t<\/div>\n\t\t\t\t\t\t\t\t<div class=\"elementor-field-type-text elementor-field-group elementor-column elementor-field-group-field_3 elementor-col-50\">\n\t\t\t\t\t\t\t\t\t\t\t\t<label for=\"form-field-field_3\" class=\"elementor-field-label elementor-screen-only\">\n\t\t\t\t\t\t\t\tApellido\t\t\t\t\t\t\t<\/label>\n\t\t\t\t\t\t\t\t\t\t\t\t\t\t<input size=\"1\" type=\"text\" name=\"form_fields[field_3]\" id=\"form-field-field_3\" class=\"elementor-field elementor-size-sm  elementor-field-textual\" placeholder=\"Apellido\">\n\t\t\t\t\t\t\t\t\t\t\t<\/div>\n\t\t\t\t\t\t\t\t<div class=\"elementor-field-type-tel elementor-field-group elementor-column elementor-field-group-field_2 elementor-col-50\">\n\t\t\t\t\t\t\t\t\t\t\t\t<label for=\"form-field-field_2\" class=\"elementor-field-label elementor-screen-only\">\n\t\t\t\t\t\t\t\tNumero Telef\u00f3nico\t\t\t\t\t\t\t<\/label>\n\t\t\t\t\t\t\t\t<input size=\"1\" type=\"tel\" name=\"form_fields[field_2]\" id=\"form-field-field_2\" class=\"elementor-field elementor-size-sm  elementor-field-textual\" placeholder=\"Numero Telef\u00f3nico\" pattern=\"[0-9()#&amp;+*-=.]+\" title=\"Only numbers and phone characters (#, -, *, etc) are accepted.\">\n\n\t\t\t\t\t\t<\/div>\n\t\t\t\t\t\t\t\t<div class=\"elementor-field-type-email elementor-field-group elementor-column elementor-field-group-field_1 elementor-col-50\">\n\t\t\t\t\t\t\t\t\t\t\t\t<label for=\"form-field-field_1\" class=\"elementor-field-label elementor-screen-only\">\n\t\t\t\t\t\t\t\tEmail\t\t\t\t\t\t\t<\/label>\n\t\t\t\t\t\t\t\t\t\t\t\t\t\t<input size=\"1\" type=\"email\" name=\"form_fields[field_1]\" id=\"form-field-field_1\" class=\"elementor-field elementor-size-sm  elementor-field-textual\" placeholder=\"Email\">\n\t\t\t\t\t\t\t\t\t\t\t<\/div>\n\t\t\t\t\t\t\t\t<div class=\"elementor-field-type-textarea elementor-field-group elementor-column elementor-field-group-field_4 elementor-col-100\">\n\t\t\t\t\t\t\t\t\t\t\t\t<label for=\"form-field-field_4\" class=\"elementor-field-label elementor-screen-only\">\n\t\t\t\t\t\t\t\tMensaje\t\t\t\t\t\t\t<\/label>\n\t\t\t\t\t\t<textarea class=\"elementor-field-textual elementor-field  elementor-size-sm\" name=\"form_fields[field_4]\" id=\"form-field-field_4\" rows=\"4\" placeholder=\"Mensaje\"><\/textarea>\t\t\t\t<\/div>\n\t\t\t\t\t\t\t\t<div class=\"elementor-field-group elementor-column elementor-field-type-submit elementor-col-100 e-form__buttons\">\n\t\t\t\t\t<button class=\"elementor-button elementor-size-sm elementor-animation-grow\" type=\"submit\">\n\t\t\t\t\t\t<span class=\"elementor-button-content-wrapper\">\n\t\t\t\t\t\t\t\t\t\t\t\t\t\t\t<span class=\"elementor-button-icon\">\n\t\t\t\t\t\t\t\t\t<i aria-hidden=\"true\" class=\"fas fa-angle-right\"><\/i>\t\t\t\t\t\t\t\t\t\t\t\t\t\t\t\t\t<\/span>\n\t\t\t\t\t\t\t\t\t\t\t\t\t\t\t\t\t\t\t\t\t\t<span class=\"elementor-button-text\">Enviar<\/span>\n\t\t\t\t\t\t\t\t\t\t\t\t\t<\/span>\n\t\t\t\t\t<\/button>\n\t\t\t\t<\/div>\n\t\t\t<\/div>\n\t\t<input type=\"hidden\" name=\"trp-form-language\" value=\"es\"\/><\/form>\n\t\t\t\t\t\t<\/div>\n\t\t\t\t<\/div>\n\t\t\t\t\t<\/div>\n\t\t<\/div>\n\t\t\t\t<div class=\"elementor-column elementor-col-50 elementor-top-column elementor-element elementor-element-30bb913b\" data-id=\"30bb913b\" data-element_type=\"column\">\n\t\t\t<div class=\"elementor-widget-wrap elementor-element-populated\">\n\t\t\t\t\t\t<div class=\"elementor-element elementor-element-ac18ace elementor-widget elementor-widget-google_maps\" data-id=\"ac18ace\" data-element_type=\"widget\" data-widget_type=\"google_maps.default\">\n\t\t\t\t<div class=\"elementor-widget-container\">\n\t\t\t\t\t\t\t<div class=\"elementor-custom-embed\">\n\t\t\t<iframe loading=\"lazy\"\n\t\t\t\t\tsrc=\"https:\/\/maps.google.com\/maps?q=Rivera%20Molino%2C%20Ignacio%20L.%20Vallarta%20130%2C%20Zona%20Rom%C3%A1ntica%2C%20Emiliano%20Zapata%2C%2048380%20Puerto%20Vallarta%2C%20Jal.&#038;t=m&#038;z=16&#038;output=embed&#038;iwloc=near\"\n\t\t\t\t\ttitle=\"Rivera Molino, Ignacio L. Vallarta 130, Zona Rom\u00e1ntica, Emiliano Zapata, 48380 Puerto Vallarta, Jal.\"\n\t\t\t\t\taria-label=\"Rivera Molino, Ignacio L. Vallarta 130, Zona Rom\u00e1ntica, Emiliano Zapata, 48380 Puerto Vallarta, Jal.\"\n\t\t\t><\/iframe>\n\t\t<\/div>\n\t\t\t\t\t\t<\/div>\n\t\t\t\t<\/div>\n\t\t\t\t\t<\/div>\n\t\t<\/div>\n\t\t\t\t\t<\/div>\n\t\t<\/section>\n\t\t\t\t<section class=\"elementor-section elementor-top-section elementor-element elementor-element-6d53d84e elementor-section-boxed elementor-section-height-default elementor-section-height-default\" data-id=\"6d53d84e\" data-element_type=\"section\" data-settings=\"{&quot;motion_fx_motion_fx_scrolling&quot;:&quot;yes&quot;,&quot;motion_fx_translateY_effect&quot;:&quot;yes&quot;,&quot;motion_fx_translateY_direction&quot;:&quot;negative&quot;,&quot;motion_fx_translateY_speed&quot;:{&quot;unit&quot;:&quot;px&quot;,&quot;size&quot;:&quot;1&quot;,&quot;sizes&quot;:[]},&quot;motion_fx_translateY_affectedRange&quot;:{&quot;unit&quot;:&quot;%&quot;,&quot;size&quot;:&quot;&quot;,&quot;sizes&quot;:{&quot;start&quot;:0,&quot;end&quot;:100}},&quot;motion_fx_devices&quot;:[&quot;desktop&quot;,&quot;tablet&quot;,&quot;mobile&quot;]}\">\n\t\t\t\t\t\t<div class=\"elementor-container elementor-column-gap-default\">\n\t\t\t\t\t<div class=\"elementor-column elementor-col-33 elementor-top-column elementor-element elementor-element-6ae2288d\" data-id=\"6ae2288d\" data-element_type=\"column\">\n\t\t\t<div class=\"elementor-widget-wrap elementor-element-populated\">\n\t\t\t\t\t\t<div class=\"elementor-element elementor-element-54bd25e6 elementor-position-left elementor-view-default elementor-mobile-position-top elementor-vertical-align-top elementor-widget elementor-widget-icon-box\" data-id=\"54bd25e6\" data-element_type=\"widget\" data-widget_type=\"icon-box.default\">\n\t\t\t\t<div class=\"elementor-widget-container\">\n\t\t\t\t\t\t\t<div class=\"elementor-icon-box-wrapper\">\n\n\t\t\t\t\t\t<div class=\"elementor-icon-box-icon\">\n\t\t\t\t<span  class=\"elementor-icon\">\n\t\t\t\t<svg xmlns=\"http:\/\/www.w3.org\/2000\/svg\" id=\"bab5aae0-1674-415e-bec1-afcc42ef98e7\" data-name=\"Layer 1\" width=\"60\" height=\"60\" viewbox=\"0 0 60 60\"><title>OPENING HOURS icon<\/title><path d=\"M51.2132,8.7868A30,30,0,1,0,8.7868,51.2132,30,30,0,1,0,51.2132,8.7868ZM30,58.0851A28.0851,28.0851,0,1,1,58.0851,30,28.1167,28.1167,0,0,1,30,58.0851Z\"><\/path><path d=\"M33.569,30.4323,45.7238,18.2775a.9431.9431,0,0,0,0-1.3337l-2.6675-2.6676a.9431.9431,0,0,0-1.3337,0l-9.5588,9.5589a.943.943,0,0,0,1.3336,1.3337l8.8919-8.892,1.3338,1.3338L33.1817,28.152a3.466,3.466,0,0,0-2.4228-1.721l-8.1536-8.1537a.9431.9431,0,0,0-1.3337,0l-2.6675,2.6675a.9431.9431,0,0,0,0,1.3337l8.1537,8.1536a3.4318,3.4318,0,0,0,.3872,1.0891L17.2762,41.39A.9431.9431,0,0,0,18.61,42.7238l9.8688-9.8689a3.455,3.455,0,0,0,5.09-2.4226Zm-6.4241-2.28-6.54-6.54,1.3338-1.3338,6.54,6.54A3.4825,3.4825,0,0,0,27.1449,28.1519Zm3.0185,3.2565a1.5719,1.5719,0,1,1,1.5718-1.5719A1.5663,1.5663,0,0,1,30.1634,31.4084Z\"><\/path><path d=\"M31,13V9a1,1,0,0,0-2,0v4a1,1,0,0,0,2,0Z\"><\/path><path d=\"M47,31h4a1,1,0,0,0,0-2H47a1,1,0,0,0,0,2Z\"><\/path><path d=\"M29,47v4a1,1,0,0,0,2,0V47a1,1,0,0,0-2,0Z\"><\/path><path d=\"M9,29a1,1,0,0,0,0,2h4a1,1,0,0,0,0-2Z\"><\/path><path d=\"M30,4A26,26,0,1,0,46.9272,49.7191a.9512.9512,0,1,0-1.24-1.4427,24.1258,24.1258,0,1,1,2.5894-2.5893.9513.9513,0,0,0,1.4427,1.24A25.9866,25.9866,0,0,0,30,4Z\"><\/path><\/svg>\t\t\t\t<\/span>\n\t\t\t<\/div>\n\t\t\t\n\t\t\t\t\t\t<div class=\"elementor-icon-box-content\">\n\n\t\t\t\t\t\t\t\t\t<h3 class=\"elementor-icon-box-title\">\n\t\t\t\t\t\t<span  >\n\t\t\t\t\t\t\tHorario\t\t\t\t\t\t<\/span>\n\t\t\t\t\t<\/h3>\n\t\t\t\t\n\t\t\t\t\t\t\t\t\t<p class=\"elementor-icon-box-description\">\n\t\t\t\t\t\tEvery day from 09:00 to 22:00\t\t\t\t\t<\/p>\n\t\t\t\t\n\t\t\t<\/div>\n\t\t\t\n\t\t<\/div>\n\t\t\t\t\t\t<\/div>\n\t\t\t\t<\/div>\n\t\t\t\t\t<\/div>\n\t\t<\/div>\n\t\t\t\t<div class=\"elementor-column elementor-col-33 elementor-top-column elementor-element elementor-element-30df6c0c\" data-id=\"30df6c0c\" data-element_type=\"column\">\n\t\t\t<div class=\"elementor-widget-wrap elementor-element-populated\">\n\t\t\t\t\t\t<div class=\"elementor-element elementor-element-7a09d238 elementor-position-left elementor-view-default elementor-mobile-position-top elementor-vertical-align-top elementor-widget elementor-widget-icon-box\" data-id=\"7a09d238\" data-element_type=\"widget\" data-widget_type=\"icon-box.default\">\n\t\t\t\t<div class=\"elementor-widget-container\">\n\t\t\t\t\t\t\t<div class=\"elementor-icon-box-wrapper\">\n\n\t\t\t\t\t\t<div class=\"elementor-icon-box-icon\">\n\t\t\t\t<span  class=\"elementor-icon\">\n\t\t\t\t<svg xmlns=\"http:\/\/www.w3.org\/2000\/svg\" id=\"a45316fc-c164-48ff-9ecb-548d1c93f18e\" data-name=\"Layer 1\" width=\"59\" height=\"59\" viewbox=\"0 0 59 59\"><title>Phone icon<\/title><path d=\"M58.084,46.314l-11.13-11.13a3.1287,3.1287,0,0,0-4.4227,0l-6.94,6.94a40.0162,40.0162,0,0,1-7.8546-5.0874,1.1354,1.1354,0,0,0-1.4637,1.7362,44.2288,44.2288,0,0,0,9.0114,5.7508,1.1353,1.1353,0,0,0,1.324-.2058l3.7341-3.7335,12.31,12.31c-3.9761,3.4133-9.6071,4.6017-16,3.3448-7.19-1.414-14.7985-5.8408-21.4238-12.4661S4.1757,29.5386,2.7617,22.3486c-1.2569-6.3938-.0685-12.0248,3.3441-16L18.4176,18.66l-3.7352,3.7347a1.1352,1.1352,0,0,0-.2052,1.3246,42.12,42.12,0,0,0,8.6554,12.1505,1.1354,1.1354,0,0,0,1.6057-1.6058,38.5881,38.5881,0,0,1-7.8615-10.8516L23.8177,16.47a3.1273,3.1273,0,0,0,0-4.4227L12.6867.9166A3.1265,3.1265,0,0,0,8.264.916L5.2717,3.9083C.718,8.462-.9648,15.1668.5333,22.7864c1.5,7.6278,6.1483,15.6514,13.0893,22.5924S28.5865,56.9675,36.2142,58.4669A27.3421,27.3421,0,0,0,41.488,59a18.7388,18.7388,0,0,0,13.6043-5.2715l2.9917-2.9917a3.1274,3.1274,0,0,0,0-4.4228ZM9.87,2.5217a.8567.8567,0,0,1,1.2111,0L22.2125,13.6534a.8566.8566,0,0,1,0,1.2112l-2.1891,2.1891L7.6806,4.7109ZM56.4788,49.131l-2.19,2.1891L41.9481,38.9785l2.1892-2.1891a.8564.8564,0,0,1,1.2111,0l11.13,11.13A.8583.8583,0,0,1,56.4788,49.131Z\" transform=\"translate(0)\"><\/path><\/svg>\t\t\t\t<\/span>\n\t\t\t<\/div>\n\t\t\t\n\t\t\t\t\t\t<div class=\"elementor-icon-box-content\">\n\n\t\t\t\t\t\t\t\t\t<h3 class=\"elementor-icon-box-title\">\n\t\t\t\t\t\t<span  >\n\t\t\t\t\t\t\tLlamanos\t\t\t\t\t\t<\/span>\n\t\t\t\t\t<\/h3>\n\t\t\t\t\n\t\t\t\t\t\t\t\t\t<p class=\"elementor-icon-box-description\">\n\t\t\t\t\t\t+52 (322) 178-2148\t\t\t\t\t<\/p>\n\t\t\t\t\n\t\t\t<\/div>\n\t\t\t\n\t\t<\/div>\n\t\t\t\t\t\t<\/div>\n\t\t\t\t<\/div>\n\t\t\t\t\t<\/div>\n\t\t<\/div>\n\t\t\t\t<div class=\"elementor-column elementor-col-33 elementor-top-column elementor-element elementor-element-f234279\" data-id=\"f234279\" data-element_type=\"column\">\n\t\t\t<div class=\"elementor-widget-wrap elementor-element-populated\">\n\t\t\t\t\t\t<div class=\"elementor-element elementor-element-24f5153c elementor-position-left elementor-view-default elementor-mobile-position-top elementor-vertical-align-top elementor-widget elementor-widget-icon-box\" data-id=\"24f5153c\" data-element_type=\"widget\" data-widget_type=\"icon-box.default\">\n\t\t\t\t<div class=\"elementor-widget-container\">\n\t\t\t\t\t\t\t<div class=\"elementor-icon-box-wrapper\">\n\n\t\t\t\t\t\t<div class=\"elementor-icon-box-icon\">\n\t\t\t\t<span  class=\"elementor-icon\">\n\t\t\t\t<svg xmlns=\"http:\/\/www.w3.org\/2000\/svg\" id=\"be038b4d-830e-4cbc-8ae3-63b3b68c063d\" data-name=\"Layer 1\" width=\"41.8891\" height=\"59.9999\" viewbox=\"0 0 41.8891 59.9999\"><title>ADDRESS icon<\/title><path d=\"M28.5335,49.2449c1.1062-1.0417,2.1674-2.1328,3.159-3.2487A42.7863,42.7863,0,0,0,38.69,35.4151,34.6213,34.6213,0,0,0,41.8892,20.933,20.9446,20.9446,0,0,0,0,20.933,32.6425,32.6425,0,0,0,3.2684,34.8813a1.1175,1.1175,0,0,0,1.0073.6387,1.1123,1.1123,0,0,0,1.006-1.5855A30.4377,30.4377,0,0,1,2.2249,20.933a18.72,18.72,0,0,1,37.4392,0A32.4127,32.4127,0,0,1,36.68,34.4612a40.5294,40.5294,0,0,1-6.6142,10.0171,47.9408,47.9408,0,0,1-9.0625,7.9485A64.1144,64.1144,0,0,1,7.02,37.1835a1.1123,1.1123,0,1,0-1.8885,1.1758,59.3989,59.3989,0,0,0,8.7934,10.786,38.6982,38.6982,0,0,0-7.5014,1.41c-3.0333.9605-4.5734,2.2391-4.5777,3.8-.0048,1.8084,2.0476,3.243,6.1,4.2642A56.2435,56.2435,0,0,0,20.9318,60h.1959a55.965,55.965,0,0,0,12.7929-1.3118c4.0579-1,6.1179-2.4234,6.1228-4.2318C40.052,51.1387,33.06,49.7778,28.5335,49.2449Zm4.8544,7.2844a53.677,53.677,0,0,1-12.2507,1.2471l-.2016,0A53.9584,53.9584,0,0,1,8.49,56.4637c-3.5987-.9068-4.401-1.89-4.4189-2.1016,0-.1737.5129-.8406,2.784-1.5984a37.7388,37.7388,0,0,1,9.2373-1.5713c2.3376,2.1177,4.0105,3.3533,4.1954,3.4885a1.1135,1.1135,0,0,0,1.2256.0584,40.3571,40.3571,0,0,0,4.7582-3.4859,34.65,34.65,0,0,1,9.1624,1.7145c1.9613.7335,2.3846,1.3659,2.3846,1.481C37.7994,54.6624,36.9916,55.6415,33.3879,56.5293Z\" transform=\"translate(-0.0001 -0.0001)\" style=\"fill-rule:evenodd\"><\/path><path d=\"M21.111,14.2668a6.778,6.778,0,0,1,6.6259,5.1455,1.1413,1.1413,0,0,0,1.1146.8675,1.1638,1.1638,0,0,0,.27-.032,1.1383,1.1383,0,0,0,.71-.5109,1.1148,1.1148,0,0,0,.1361-.857,9.0018,9.0018,0,1,0-.042,4.4043,1.1129,1.1129,0,0,0-.12-.8594,1.1378,1.1378,0,0,0-.7-.5239,1.1635,1.1635,0,0,0-.2913-.0372,1.1451,1.1451,0,0,0-1.1091.8467,6.8058,6.8058,0,1,1-6.5947-8.4436Z\" transform=\"translate(-0.0001 -0.0001)\" style=\"fill-rule:evenodd\"><\/path><\/svg>\t\t\t\t<\/span>\n\t\t\t<\/div>\n\t\t\t\n\t\t\t\t\t\t<div class=\"elementor-icon-box-content\">\n\n\t\t\t\t\t\t\t\t\t<h3 class=\"elementor-icon-box-title\">\n\t\t\t\t\t\t<span  >\n\t\t\t\t\t\t\tDirecci\u00f3n\t\t\t\t\t\t<\/span>\n\t\t\t\t\t<\/h3>\n\t\t\t\t\n\t\t\t\t\t\t\t\t\t<p class=\"elementor-icon-box-description\">\n\t\t\t\t\t\tIgnacio L Vallarta 130 Local 4\nPuerto Vallarta, Jalisco.\t\t\t\t\t<\/p>\n\t\t\t\t\n\t\t\t<\/div>\n\t\t\t\n\t\t<\/div>\n\t\t\t\t\t\t<\/div>\n\t\t\t\t<\/div>\n\t\t\t\t\t<\/div>\n\t\t<\/div>\n\t\t\t\t\t<\/div>\n\t\t<\/section>\n\t\t\t\t<\/div>","protected":false},"excerpt":{"rendered":"<p>Lets Meeting Us &#038; Contact Us Get in touch with us KEEP IN TOUCH Our helpline is always open to receive any inquiry or feedback. Please feel free to drop us an email from the form below and we will get back to you as soon as we can. Thank you for undersanding. OPENING HOURS [&hellip;]<\/p>","protected":false},"author":1,"featured_media":0,"parent":0,"menu_order":0,"comment_status":"closed","ping_status":"closed","template":"elementor_header_footer","meta":{"footnotes":""},"class_list":["post-207","page","type-page","status-publish","hentry"],"_links":{"self":[{"href":"https:\/\/seasonspv.com\/es\/wp-json\/wp\/v2\/pages\/207","targetHints":{"allow":["GET"]}}],"collection":[{"href":"https:\/\/seasonspv.com\/es\/wp-json\/wp\/v2\/pages"}],"about":[{"href":"https:\/\/seasonspv.com\/es\/wp-json\/wp\/v2\/types\/page"}],"author":[{"embeddable":true,"href":"https:\/\/seasonspv.com\/es\/wp-json\/wp\/v2\/users\/1"}],"replies":[{"embeddable":true,"href":"https:\/\/seasonspv.com\/es\/wp-json\/wp\/v2\/comments?post=207"}],"version-history":[{"count":64,"href":"https:\/\/seasonspv.com\/es\/wp-json\/wp\/v2\/pages\/207\/revisions"}],"predecessor-version":[{"id":1232,"href":"https:\/\/seasonspv.com\/es\/wp-json\/wp\/v2\/pages\/207\/revisions\/1232"}],"wp:attachment":[{"href":"https:\/\/seasonspv.com\/es\/wp-json\/wp\/v2\/media?parent=207"}],"curies":[{"name":"wp","href":"https:\/\/api.w.org\/{rel}","templated":true}]}}